{"id":29225,"date":"2024-10-21T21:56:19","date_gmt":"2024-10-21T21:56:19","guid":{"rendered":"https:\/\/meyproducciones.com\/?page_id=29225"},"modified":"2026-02-19T14:39:55","modified_gmt":"2026-02-19T14:39:55","slug":"mulato-the-best","status":"publish","type":"page","link":"https:\/\/meyproducciones.com\/?page_id=29225","title":{"rendered":"Mulato: The Best"},"content":{"rendered":"\t\t<div data-elementor-type=\"wp-page\" data-elementor-id=\"29225\" class=\"elementor elementor-29225\" data-elementor-post-type=\"page\">\n\t\t\t\t<div class=\"elementor-element elementor-element-9bea940 e-con-full e-flex e-con e-parent\" data-id=\"9bea940\" data-element_type=\"container\" data-e-type=\"container\">\n\t\t<div class=\"elementor-element elementor-element-cdcf6a6 e-con-full e-flex e-con e-child\" data-id=\"cdcf6a6\" data-element_type=\"container\" data-e-type=\"container\">\n\t\t\t\t<div class=\"elementor-element elementor-element-982e524 elementor-widget elementor-widget-heading\" data-id=\"982e524\" data-element_type=\"widget\" data-e-type=\"widget\" data-widget_type=\"heading.default\">\n\t\t\t\t<div class=\"elementor-widget-container\">\n\t\t\t\t\t<h2 class=\"elementor-heading-title elementor-size-default\">FILMOGRAF\u00cdA<\/h2>\t\t\t\t<\/div>\n\t\t\t\t<\/div>\n\t\t\t\t<\/div>\n\t\t\t\t<\/div>\n\t\t<div class=\"elementor-element elementor-element-9bfccdd e-flex e-con-boxed e-con e-parent\" data-id=\"9bfccdd\" data-element_type=\"container\" data-e-type=\"container\">\n\t\t\t\t\t<div class=\"e-con-inner\">\n\t\t<div class=\"elementor-element elementor-element-6312a2a e-con-full e-flex e-con e-child\" data-id=\"6312a2a\" data-element_type=\"container\" data-e-type=\"container\">\n\t\t\t\t<div class=\"elementor-element elementor-element-685a970 elementor-widget elementor-widget-image\" data-id=\"685a970\" data-element_type=\"widget\" data-e-type=\"widget\" data-widget_type=\"image.default\">\n\t\t\t\t<div class=\"elementor-widget-container\">\n\t\t\t\t\t\t\t\t\t\t\t\t<figure class=\"wp-caption\">\n\t\t\t\t\t\t\t\t\t\t\t<a href=\"https:\/\/meyproducciones.com\/?page_id=29225\">\n\t\t\t\t\t\t\t<img fetchpriority=\"high\" decoding=\"async\" width=\"960\" height=\"405\" src=\"https:\/\/meyproducciones.com\/wp-content\/uploads\/2024\/09\/STILLS-MULATO38-1024x432.jpg\" class=\"attachment-large size-large wp-image-29129\" alt=\"\" srcset=\"https:\/\/meyproducciones.com\/wp-content\/uploads\/2024\/09\/STILLS-MULATO38-1024x432.jpg 1024w, https:\/\/meyproducciones.com\/wp-content\/uploads\/2024\/09\/STILLS-MULATO38-300x127.jpg 300w, https:\/\/meyproducciones.com\/wp-content\/uploads\/2024\/09\/STILLS-MULATO38-768x324.jpg 768w, https:\/\/meyproducciones.com\/wp-content\/uploads\/2024\/09\/STILLS-MULATO38-1536x648.jpg 1536w, https:\/\/meyproducciones.com\/wp-content\/uploads\/2024\/09\/STILLS-MULATO38.jpg 1920w\" sizes=\"(max-width: 960px) 100vw, 960px\" \/>\t\t\t\t\t\t\t\t<\/a>\n\t\t\t\t\t\t\t\t\t\t\t<figcaption class=\"widget-image-caption wp-caption-text\">MULATO: THE BEST<\/figcaption>\n\t\t\t\t\t\t\t\t\t\t<\/figure>\n\t\t\t\t\t\t\t\t\t<\/div>\n\t\t\t\t<\/div>\n\t\t\t\t<\/div>\n\t\t<div class=\"elementor-element elementor-element-e3f6d3b e-con-full e-flex e-con e-child\" data-id=\"e3f6d3b\" data-element_type=\"container\" data-e-type=\"container\">\n\t\t\t\t<div class=\"elementor-element elementor-element-38d0df8 elementor-widget elementor-widget-image\" data-id=\"38d0df8\" data-element_type=\"widget\" data-e-type=\"widget\" data-widget_type=\"image.default\">\n\t\t\t\t<div class=\"elementor-widget-container\">\n\t\t\t\t\t\t\t\t\t\t\t\t<figure class=\"wp-caption\">\n\t\t\t\t\t\t\t\t\t\t\t<a href=\"https:\/\/meyproducciones.com\/?page_id=22037\">\n\t\t\t\t\t\t\t<img decoding=\"async\" width=\"960\" height=\"405\" src=\"https:\/\/meyproducciones.com\/wp-content\/uploads\/2025\/04\/EDDA_5_1.01_12_34_06000.Imagen-fija119-1024x432.jpg\" class=\"attachment-large size-large wp-image-29756\" alt=\"\" srcset=\"https:\/\/meyproducciones.com\/wp-content\/uploads\/2025\/04\/EDDA_5_1.01_12_34_06000.Imagen-fija119-1024x432.jpg 1024w, https:\/\/meyproducciones.com\/wp-content\/uploads\/2025\/04\/EDDA_5_1.01_12_34_06000.Imagen-fija119-300x126.jpg 300w, https:\/\/meyproducciones.com\/wp-content\/uploads\/2025\/04\/EDDA_5_1.01_12_34_06000.Imagen-fija119-768x324.jpg 768w, https:\/\/meyproducciones.com\/wp-content\/uploads\/2025\/04\/EDDA_5_1.01_12_34_06000.Imagen-fija119-1536x648.jpg 1536w, https:\/\/meyproducciones.com\/wp-content\/uploads\/2025\/04\/EDDA_5_1.01_12_34_06000.Imagen-fija119.jpg 1921w\" sizes=\"(max-width: 960px) 100vw, 960px\" \/>\t\t\t\t\t\t\t\t<\/a>\n\t\t\t\t\t\t\t\t\t\t\t<figcaption class=\"widget-image-caption wp-caption-text\">EL D\u00cdA DEL ADI\u00d3S<\/figcaption>\n\t\t\t\t\t\t\t\t\t\t<\/figure>\n\t\t\t\t\t\t\t\t\t<\/div>\n\t\t\t\t<\/div>\n\t\t\t\t<\/div>\n\t\t<div class=\"elementor-element elementor-element-492d6ff e-con-full e-flex e-con e-child\" data-id=\"492d6ff\" data-element_type=\"container\" data-e-type=\"container\">\n\t\t\t\t<div class=\"elementor-element elementor-element-ba9da95 elementor-widget elementor-widget-image\" data-id=\"ba9da95\" data-element_type=\"widget\" data-e-type=\"widget\" data-widget_type=\"image.default\">\n\t\t\t\t<div class=\"elementor-widget-container\">\n\t\t\t\t\t\t\t\t\t\t\t\t<figure class=\"wp-caption\">\n\t\t\t\t\t\t\t\t\t\t\t<a href=\"https:\/\/meyproducciones.com\/?page_id=30076\">\n\t\t\t\t\t\t\t<img decoding=\"async\" width=\"960\" height=\"405\" src=\"https:\/\/meyproducciones.com\/wp-content\/uploads\/2025\/04\/DOCUMENTAL_CONDORES_IMG_02-1024x432.png\" class=\"attachment-large size-large wp-image-29752\" alt=\"\" srcset=\"https:\/\/meyproducciones.com\/wp-content\/uploads\/2025\/04\/DOCUMENTAL_CONDORES_IMG_02-1024x432.png 1024w, https:\/\/meyproducciones.com\/wp-content\/uploads\/2025\/04\/DOCUMENTAL_CONDORES_IMG_02-300x127.png 300w, https:\/\/meyproducciones.com\/wp-content\/uploads\/2025\/04\/DOCUMENTAL_CONDORES_IMG_02-768x324.png 768w, https:\/\/meyproducciones.com\/wp-content\/uploads\/2025\/04\/DOCUMENTAL_CONDORES_IMG_02-1536x648.png 1536w, https:\/\/meyproducciones.com\/wp-content\/uploads\/2025\/04\/DOCUMENTAL_CONDORES_IMG_02.png 2048w\" sizes=\"(max-width: 960px) 100vw, 960px\" \/>\t\t\t\t\t\t\t\t<\/a>\n\t\t\t\t\t\t\t\t\t\t\t<figcaption class=\"widget-image-caption wp-caption-text\">CONDORES: 50 A\u00d1OS<\/figcaption>\n\t\t\t\t\t\t\t\t\t\t<\/figure>\n\t\t\t\t\t\t\t\t\t<\/div>\n\t\t\t\t<\/div>\n\t\t\t\t<\/div>\n\t\t<div class=\"elementor-element elementor-element-0f5c85c e-con-full e-flex e-con e-child\" data-id=\"0f5c85c\" data-element_type=\"container\" data-e-type=\"container\">\n\t\t\t\t<div class=\"elementor-element elementor-element-918b278 elementor-widget elementor-widget-image\" data-id=\"918b278\" data-element_type=\"widget\" data-e-type=\"widget\" data-widget_type=\"image.default\">\n\t\t\t\t<div class=\"elementor-widget-container\">\n\t\t\t\t\t\t\t\t\t\t\t\t<figure class=\"wp-caption\">\n\t\t\t\t\t\t\t\t\t\t\t<a href=\"https:\/\/meyproducciones.com\/?page_id=30067\">\n\t\t\t\t\t\t\t<img loading=\"lazy\" decoding=\"async\" width=\"960\" height=\"407\" src=\"https:\/\/meyproducciones.com\/wp-content\/uploads\/2025\/04\/vlcsnap-2023-08-15-10h33m10s941-1024x434.png\" class=\"attachment-large size-large wp-image-29755\" alt=\"\" srcset=\"https:\/\/meyproducciones.com\/wp-content\/uploads\/2025\/04\/vlcsnap-2023-08-15-10h33m10s941-1024x434.png 1024w, https:\/\/meyproducciones.com\/wp-content\/uploads\/2025\/04\/vlcsnap-2023-08-15-10h33m10s941-300x127.png 300w, https:\/\/meyproducciones.com\/wp-content\/uploads\/2025\/04\/vlcsnap-2023-08-15-10h33m10s941-768x325.png 768w, https:\/\/meyproducciones.com\/wp-content\/uploads\/2025\/04\/vlcsnap-2023-08-15-10h33m10s941-1536x650.png 1536w, https:\/\/meyproducciones.com\/wp-content\/uploads\/2025\/04\/vlcsnap-2023-08-15-10h33m10s941.png 1920w\" sizes=\"(max-width: 960px) 100vw, 960px\" \/>\t\t\t\t\t\t\t\t<\/a>\n\t\t\t\t\t\t\t\t\t\t\t<figcaption class=\"widget-image-caption wp-caption-text\">LA TINTA DE LA VIDA<\/figcaption>\n\t\t\t\t\t\t\t\t\t\t<\/figure>\n\t\t\t\t\t\t\t\t\t<\/div>\n\t\t\t\t<\/div>\n\t\t\t\t<\/div>\n\t\t\t\t\t<\/div>\n\t\t\t\t<\/div>\n\t\t<div class=\"elementor-element elementor-element-1121ecc e-con-full e-flex e-con e-parent\" data-id=\"1121ecc\" data-element_type=\"container\" data-e-type=\"container\">\n\t\t\t\t<div class=\"elementor-element elementor-element-20b3d14 elementor-widget elementor-widget-heading\" data-id=\"20b3d14\" data-element_type=\"widget\" data-e-type=\"widget\" data-widget_type=\"heading.default\">\n\t\t\t\t<div class=\"elementor-widget-container\">\n\t\t\t\t\t<h2 class=\"elementor-heading-title elementor-size-default\">MULATO:THE BEST<\/h2>\t\t\t\t<\/div>\n\t\t\t\t<\/div>\n\t\t\t\t<\/div>\n\t\t<div class=\"elementor-element elementor-element-6f850bf e-con-full e-flex e-con e-parent\" data-id=\"6f850bf\" data-element_type=\"container\" data-e-type=\"container\">\n\t\t\t\t<div class=\"elementor-element elementor-element-8b2e89e elementor-widget elementor-widget-image\" data-id=\"8b2e89e\" data-element_type=\"widget\" data-e-type=\"widget\" data-widget_type=\"image.default\">\n\t\t\t\t<div class=\"elementor-widget-container\">\n\t\t\t\t\t\t\t\t\t\t\t\t\t\t\t<img loading=\"lazy\" decoding=\"async\" width=\"1920\" height=\"810\" src=\"https:\/\/meyproducciones.com\/wp-content\/uploads\/2024\/09\/STILLS-MULATO38.jpg\" class=\"attachment-full size-full wp-image-29129\" alt=\"\" srcset=\"https:\/\/meyproducciones.com\/wp-content\/uploads\/2024\/09\/STILLS-MULATO38.jpg 1920w, https:\/\/meyproducciones.com\/wp-content\/uploads\/2024\/09\/STILLS-MULATO38-300x127.jpg 300w, https:\/\/meyproducciones.com\/wp-content\/uploads\/2024\/09\/STILLS-MULATO38-1024x432.jpg 1024w, https:\/\/meyproducciones.com\/wp-content\/uploads\/2024\/09\/STILLS-MULATO38-768x324.jpg 768w, https:\/\/meyproducciones.com\/wp-content\/uploads\/2024\/09\/STILLS-MULATO38-1536x648.jpg 1536w\" sizes=\"(max-width: 1920px) 100vw, 1920px\" \/>\t\t\t\t\t\t\t\t\t\t\t\t\t\t\t<\/div>\n\t\t\t\t<\/div>\n\t\t\t\t<\/div>\n\t\t<div class=\"elementor-element elementor-element-d9dbbc0 e-con-full e-flex e-con e-parent\" data-id=\"d9dbbc0\" data-element_type=\"container\" data-e-type=\"container\">\n\t\t<div class=\"elementor-element elementor-element-36cd6ba e-con-full e-flex e-con e-child\" data-id=\"36cd6ba\" data-element_type=\"container\" data-e-type=\"container\">\n\t\t\t\t<div class=\"elementor-element elementor-element-ba161cd elementor-widget__width-inherit elementor-widget elementor-widget-image\" data-id=\"ba161cd\" data-element_type=\"widget\" data-e-type=\"widget\" data-widget_type=\"image.default\">\n\t\t\t\t<div class=\"elementor-widget-container\">\n\t\t\t\t\t\t\t\t\t\t\t\t\t\t\t<img loading=\"lazy\" decoding=\"async\" width=\"792\" height=\"1224\" src=\"https:\/\/meyproducciones.com\/wp-content\/uploads\/2024\/10\/WhatsApp-Image-2024-10-22-at-5.57.48-AM.jpeg\" class=\"attachment-full size-full wp-image-29290\" alt=\"\" srcset=\"https:\/\/meyproducciones.com\/wp-content\/uploads\/2024\/10\/WhatsApp-Image-2024-10-22-at-5.57.48-AM.jpeg 792w, https:\/\/meyproducciones.com\/wp-content\/uploads\/2024\/10\/WhatsApp-Image-2024-10-22-at-5.57.48-AM-194x300.jpeg 194w, https:\/\/meyproducciones.com\/wp-content\/uploads\/2024\/10\/WhatsApp-Image-2024-10-22-at-5.57.48-AM-663x1024.jpeg 663w, https:\/\/meyproducciones.com\/wp-content\/uploads\/2024\/10\/WhatsApp-Image-2024-10-22-at-5.57.48-AM-768x1187.jpeg 768w\" sizes=\"(max-width: 792px) 100vw, 792px\" \/>\t\t\t\t\t\t\t\t\t\t\t\t\t\t\t<\/div>\n\t\t\t\t<\/div>\n\t\t\t\t<\/div>\n\t\t<div class=\"elementor-element elementor-element-7279773 e-con-full e-flex e-con e-child\" data-id=\"7279773\" data-element_type=\"container\" data-e-type=\"container\">\n\t\t\t\t<div class=\"elementor-element elementor-element-e297aa8 elementor-widget__width-inherit elementor-widget elementor-widget-text-editor\" data-id=\"e297aa8\" data-element_type=\"widget\" data-e-type=\"widget\" data-widget_type=\"text-editor.default\">\n\t\t\t\t<div class=\"elementor-widget-container\">\n\t\t\t\t\t\t\t\t\t<p style=\"text-align: justify;\">THE BEST es un largometraje documental dirigido por\u00a0<a href=\"https:\/\/meyproducciones.com\/?page_id=24031\">Miguel Ernesto Yusty<\/a>, que cuenta la historia de Luis Eduardo Hern\u00e1ndez, \u201cEl Mulato\u201d, un talentoso bailar\u00edn de salsa, que lucha por sobresalir en Cali, una peligrosa ciudad en la que las oportunidades de lograr una vida buena son escasas. Ganando competiciones, evitando tentaciones y escuchando a sus amigos, que son sus maestros, llegar\u00e1 tan alto, que con Jennifer L\u00f3pez, conseguir\u00e1 ser protagonista del n\u00famero central del Super Bowl y ser\u00e1 reconocido como el mejor bailar\u00edn del mundo.<\/p><p>El documental sigue las diferentes etapas de la vida del Mulato. As\u00ed, es posible ver como la salsa y el baile llegan a la vida del protagonista desde su infancia y como en la adolescencia, es el arte el que lo separa de la delincuencia. Posteriormente, el espectador asiste a su ascenso como bailar\u00edn y como core\u00f3grafo internacional, hasta llegar al Super Bowl, de la mano de Jennifer L\u00f3pez. Finalmente, se muestra la consumaci\u00f3n de sus preparativos durante la gira por Canad\u00e1, que para beneficio de la narraci\u00f3n, es una tarea casi que imposible de realizar.<\/p><p>En paralelo a la biograf\u00eda del Mulato, se muestra el d\u00eda a d\u00eda y la preparaci\u00f3n de la gira por Canad\u00e1. La narraci\u00f3n tiene el ritmo garantizado gracias a la alternancia entre estas dos l\u00edneas principales del relato. Se crea otro foco de inter\u00e9s gracias a <a href=\"https:\/\/viknasvit.com.ua\">viknasvit<\/a> las subtramas que cuentan las historias de los bailarines y disc\u00edpulos del Mulato.<\/p>\t\t\t\t\t\t\t\t<\/div>\n\t\t\t\t<\/div>\n\t\t\t\t<\/div>\n\t\t\t\t<\/div>\n\t\t<div class=\"elementor-element elementor-element-389271c e-con-full e-flex e-con e-parent\" data-id=\"389271c\" data-element_type=\"container\" data-e-type=\"container\">\n\t\t<div class=\"elementor-element elementor-element-f01fa39 e-grid e-con-full e-con e-child\" data-id=\"f01fa39\" data-element_type=\"container\" data-e-type=\"container\">\n\t\t\t\t<div class=\"elementor-element elementor-element-abfe8ab elementor-widget elementor-widget-image\" data-id=\"abfe8ab\" data-element_type=\"widget\" data-e-type=\"widget\" data-widget_type=\"image.default\">\n\t\t\t\t<div class=\"elementor-widget-container\">\n\t\t\t\t\t\t\t\t\t\t\t\t\t\t\t<img loading=\"lazy\" decoding=\"async\" width=\"960\" height=\"640\" src=\"https:\/\/meyproducciones.com\/wp-content\/uploads\/2024\/01\/IMG_0695_4_11zon-1024x683.webp\" class=\"attachment-large size-large wp-image-27186\" alt=\"\" srcset=\"https:\/\/meyproducciones.com\/wp-content\/uploads\/2024\/01\/IMG_0695_4_11zon-1024x683.webp 1024w, https:\/\/meyproducciones.com\/wp-content\/uploads\/2024\/01\/IMG_0695_4_11zon-300x200.webp 300w, https:\/\/meyproducciones.com\/wp-content\/uploads\/2024\/01\/IMG_0695_4_11zon-768x512.webp 768w, https:\/\/meyproducciones.com\/wp-content\/uploads\/2024\/01\/IMG_0695_4_11zon-1536x1024.webp 1536w, https:\/\/meyproducciones.com\/wp-content\/uploads\/2024\/01\/IMG_0695_4_11zon-2048x1365.webp 2048w\" sizes=\"(max-width: 960px) 100vw, 960px\" \/>\t\t\t\t\t\t\t\t\t\t\t\t\t\t\t<\/div>\n\t\t\t\t<\/div>\n\t\t\t\t<div class=\"elementor-element elementor-element-9882758 elementor-widget elementor-widget-image\" data-id=\"9882758\" data-element_type=\"widget\" data-e-type=\"widget\" data-widget_type=\"image.default\">\n\t\t\t\t<div class=\"elementor-widget-container\">\n\t\t\t\t\t\t\t\t\t\t\t\t\t\t\t<img loading=\"lazy\" decoding=\"async\" width=\"960\" height=\"640\" src=\"https:\/\/meyproducciones.com\/wp-content\/uploads\/2024\/01\/IMG_0595_3_11zon-1024x683.webp\" class=\"attachment-large size-large wp-image-27185\" alt=\"\" srcset=\"https:\/\/meyproducciones.com\/wp-content\/uploads\/2024\/01\/IMG_0595_3_11zon-1024x683.webp 1024w, https:\/\/meyproducciones.com\/wp-content\/uploads\/2024\/01\/IMG_0595_3_11zon-300x200.webp 300w, https:\/\/meyproducciones.com\/wp-content\/uploads\/2024\/01\/IMG_0595_3_11zon-768x512.webp 768w, https:\/\/meyproducciones.com\/wp-content\/uploads\/2024\/01\/IMG_0595_3_11zon-1536x1024.webp 1536w, https:\/\/meyproducciones.com\/wp-content\/uploads\/2024\/01\/IMG_0595_3_11zon-2048x1365.webp 2048w\" sizes=\"(max-width: 960px) 100vw, 960px\" \/>\t\t\t\t\t\t\t\t\t\t\t\t\t\t\t<\/div>\n\t\t\t\t<\/div>\n\t\t\t\t<div class=\"elementor-element elementor-element-70ce788 elementor-widget elementor-widget-image\" data-id=\"70ce788\" data-element_type=\"widget\" data-e-type=\"widget\" data-widget_type=\"image.default\">\n\t\t\t\t<div class=\"elementor-widget-container\">\n\t\t\t\t\t\t\t\t\t\t\t\t\t\t\t<img loading=\"lazy\" decoding=\"async\" width=\"960\" height=\"640\" src=\"https:\/\/meyproducciones.com\/wp-content\/uploads\/2024\/01\/IMG_0249_1_11zon-1024x683.webp\" class=\"attachment-large size-large wp-image-27183\" alt=\"\" srcset=\"https:\/\/meyproducciones.com\/wp-content\/uploads\/2024\/01\/IMG_0249_1_11zon-1024x683.webp 1024w, https:\/\/meyproducciones.com\/wp-content\/uploads\/2024\/01\/IMG_0249_1_11zon-300x200.webp 300w, https:\/\/meyproducciones.com\/wp-content\/uploads\/2024\/01\/IMG_0249_1_11zon-768x512.webp 768w, https:\/\/meyproducciones.com\/wp-content\/uploads\/2024\/01\/IMG_0249_1_11zon-1536x1024.webp 1536w, https:\/\/meyproducciones.com\/wp-content\/uploads\/2024\/01\/IMG_0249_1_11zon-2048x1365.webp 2048w\" sizes=\"(max-width: 960px) 100vw, 960px\" \/>\t\t\t\t\t\t\t\t\t\t\t\t\t\t\t<\/div>\n\t\t\t\t<\/div>\n\t\t\t\t<div class=\"elementor-element elementor-element-2565d79 elementor-widget elementor-widget-image\" data-id=\"2565d79\" data-element_type=\"widget\" data-e-type=\"widget\" data-widget_type=\"image.default\">\n\t\t\t\t<div class=\"elementor-widget-container\">\n\t\t\t\t\t\t\t\t\t\t\t\t\t\t\t<img loading=\"lazy\" decoding=\"async\" width=\"960\" height=\"640\" src=\"https:\/\/meyproducciones.com\/wp-content\/uploads\/2024\/01\/DSC_0247_5_11zon-1024x683.webp\" class=\"attachment-large size-large wp-image-27177\" alt=\"\" srcset=\"https:\/\/meyproducciones.com\/wp-content\/uploads\/2024\/01\/DSC_0247_5_11zon-1024x683.webp 1024w, https:\/\/meyproducciones.com\/wp-content\/uploads\/2024\/01\/DSC_0247_5_11zon-300x200.webp 300w, https:\/\/meyproducciones.com\/wp-content\/uploads\/2024\/01\/DSC_0247_5_11zon-768x512.webp 768w, https:\/\/meyproducciones.com\/wp-content\/uploads\/2024\/01\/DSC_0247_5_11zon-1536x1024.webp 1536w, https:\/\/meyproducciones.com\/wp-content\/uploads\/2024\/01\/DSC_0247_5_11zon-2048x1365.webp 2048w\" sizes=\"(max-width: 960px) 100vw, 960px\" \/>\t\t\t\t\t\t\t\t\t\t\t\t\t\t\t<\/div>\n\t\t\t\t<\/div>\n\t\t\t\t<div class=\"elementor-element elementor-element-b9ba3fd elementor-widget elementor-widget-image\" data-id=\"b9ba3fd\" data-element_type=\"widget\" data-e-type=\"widget\" data-widget_type=\"image.default\">\n\t\t\t\t<div class=\"elementor-widget-container\">\n\t\t\t\t\t\t\t\t\t\t\t\t\t\t\t<img loading=\"lazy\" decoding=\"async\" width=\"960\" height=\"640\" src=\"https:\/\/meyproducciones.com\/wp-content\/uploads\/2024\/01\/DSC_0560_7_11zon-1024x683.webp\" class=\"attachment-large size-large wp-image-27179\" alt=\"\" srcset=\"https:\/\/meyproducciones.com\/wp-content\/uploads\/2024\/01\/DSC_0560_7_11zon-1024x683.webp 1024w, https:\/\/meyproducciones.com\/wp-content\/uploads\/2024\/01\/DSC_0560_7_11zon-300x200.webp 300w, https:\/\/meyproducciones.com\/wp-content\/uploads\/2024\/01\/DSC_0560_7_11zon-768x512.webp 768w, https:\/\/meyproducciones.com\/wp-content\/uploads\/2024\/01\/DSC_0560_7_11zon-1536x1024.webp 1536w, https:\/\/meyproducciones.com\/wp-content\/uploads\/2024\/01\/DSC_0560_7_11zon-2048x1365.webp 2048w\" sizes=\"(max-width: 960px) 100vw, 960px\" \/>\t\t\t\t\t\t\t\t\t\t\t\t\t\t\t<\/div>\n\t\t\t\t<\/div>\n\t\t\t\t<div class=\"elementor-element elementor-element-453735b elementor-widget elementor-widget-image\" data-id=\"453735b\" data-element_type=\"widget\" data-e-type=\"widget\" data-widget_type=\"image.default\">\n\t\t\t\t<div class=\"elementor-widget-container\">\n\t\t\t\t\t\t\t\t\t\t\t\t\t\t\t<img loading=\"lazy\" decoding=\"async\" width=\"960\" height=\"640\" src=\"https:\/\/meyproducciones.com\/wp-content\/uploads\/2024\/01\/DSC_0152_3_11zon-1024x683.webp\" class=\"attachment-large size-large wp-image-27175\" alt=\"\" srcset=\"https:\/\/meyproducciones.com\/wp-content\/uploads\/2024\/01\/DSC_0152_3_11zon-1024x683.webp 1024w, https:\/\/meyproducciones.com\/wp-content\/uploads\/2024\/01\/DSC_0152_3_11zon-300x200.webp 300w, https:\/\/meyproducciones.com\/wp-content\/uploads\/2024\/01\/DSC_0152_3_11zon-768x512.webp 768w, https:\/\/meyproducciones.com\/wp-content\/uploads\/2024\/01\/DSC_0152_3_11zon-1536x1024.webp 1536w, https:\/\/meyproducciones.com\/wp-content\/uploads\/2024\/01\/DSC_0152_3_11zon-2048x1365.webp 2048w\" sizes=\"(max-width: 960px) 100vw, 960px\" \/>\t\t\t\t\t\t\t\t\t\t\t\t\t\t\t<\/div>\n\t\t\t\t<\/div>\n\t\t\t\t<\/div>\n\t\t\t\t<\/div>\n\t\t<div class=\"elementor-element elementor-element-edcbb42 e-con-full e-flex e-con e-parent\" data-id=\"edcbb42\" data-element_type=\"container\" data-e-type=\"container\">\n\t\t<div class=\"elementor-element elementor-element-c86852f e-con-full e-flex e-con e-child\" data-id=\"c86852f\" data-element_type=\"container\" data-e-type=\"container\">\n\t\t\t\t<div class=\"elementor-element elementor-element-dbe49e9 elementor-widget elementor-widget-video\" data-id=\"dbe49e9\" data-element_type=\"widget\" data-e-type=\"widget\" data-settings=\"{&quot;video_type&quot;:&quot;vimeo&quot;}\" data-widget_type=\"video.default\">\n\t\t\t\t<div class=\"elementor-widget-container\">\n\t\t\t\t\t\t\t<div class=\"elementor-wrapper elementor-open-inline\">\n\t\t\t<iframe class=\"elementor-video-iframe\" allowfullscreen allow=\"clipboard-write\" title=\"Reproductor de v\u00eddeo vimeo\" src=\"https:\/\/player.vimeo.com\/video\/1021900666?color&amp;autopause=0&amp;loop=0&amp;muted=0&amp;title=1&amp;portrait=1&amp;byline=1#t=\"><\/iframe>\t\t<\/div>\n\t\t\t\t\t\t<\/div>\n\t\t\t\t<\/div>\n\t\t\t\t<\/div>\n\t\t\t\t<\/div>\n\t\t<div class=\"elementor-element elementor-element-ef1cd55 e-con-full e-flex e-con e-parent\" data-id=\"ef1cd55\" data-element_type=\"container\" data-e-type=\"container\">\n\t\t<div class=\"elementor-element elementor-element-ec45d84 e-con-full e-flex e-con e-child\" data-id=\"ec45d84\" data-element_type=\"container\" data-e-type=\"container\">\n\t\t\t\t<div class=\"elementor-element elementor-element-4218516 elementor-widget elementor-widget-video\" data-id=\"4218516\" data-element_type=\"widget\" data-e-type=\"widget\" data-settings=\"{&quot;video_type&quot;:&quot;vimeo&quot;}\" data-widget_type=\"video.default\">\n\t\t\t\t<div class=\"elementor-widget-container\">\n\t\t\t\t\t\t\t<div class=\"elementor-wrapper elementor-open-inline\">\n\t\t\t<iframe class=\"elementor-video-iframe\" allowfullscreen allow=\"clipboard-write\" title=\"Reproductor de v\u00eddeo vimeo\" src=\"https:\/\/player.vimeo.com\/video\/1021004239?color&amp;autopause=0&amp;loop=0&amp;muted=0&amp;title=1&amp;portrait=1&amp;byline=1#t=\"><\/iframe>\t\t<\/div>\n\t\t\t\t\t\t<\/div>\n\t\t\t\t<\/div>\n\t\t\t\t<\/div>\n\t\t\t\t<\/div>\n\t\t<div class=\"elementor-element elementor-element-d111401 e-con-full e-flex e-con e-parent\" data-id=\"d111401\" data-element_type=\"container\" data-e-type=\"container\">\n\t\t<div class=\"elementor-element elementor-element-9f63612 e-con-full e-flex e-con e-child\" data-id=\"9f63612\" data-element_type=\"container\" data-e-type=\"container\">\n\t\t\t\t<div class=\"elementor-element elementor-element-da450a1 elementor-widget elementor-widget-video\" data-id=\"da450a1\" data-element_type=\"widget\" data-e-type=\"widget\" data-settings=\"{&quot;video_type&quot;:&quot;vimeo&quot;}\" data-widget_type=\"video.default\">\n\t\t\t\t<div class=\"elementor-widget-container\">\n\t\t\t\t\t\t\t<div class=\"elementor-wrapper elementor-open-inline\">\n\t\t\t<iframe class=\"elementor-video-iframe\" allowfullscreen allow=\"clipboard-write\" title=\"Reproductor de v\u00eddeo vimeo\" src=\"https:\/\/player.vimeo.com\/video\/1017377301?color&amp;autopause=0&amp;loop=0&amp;muted=0&amp;title=1&amp;portrait=1&amp;byline=1#t=\"><\/iframe>\t\t<\/div>\n\t\t\t\t\t\t<\/div>\n\t\t\t\t<\/div>\n\t\t\t\t<\/div>\n\t\t\t\t<\/div>\n\t\t\t\t<\/div>\n\t\t","protected":false},"excerpt":{"rendered":"<p>FILMOGRAF\u00cdA MULATO: THE BEST EL D\u00cdA DEL ADI\u00d3S CONDORES: 50 A\u00d1OS LA TINTA DE LA VIDA MULATO:THE BEST THE BEST es un largometraje documental dirigido por\u00a0Miguel Ernesto Yusty, que cuenta la historia de Luis Eduardo Hern\u00e1ndez, \u201cEl Mulato\u201d, un talentoso bailar\u00edn de salsa, que lucha por sobresalir en Cali, una peligrosa ciudad en la que [&hellip;]<\/p>\n","protected":false},"author":1,"featured_media":0,"parent":0,"menu_order":0,"comment_status":"closed","ping_status":"closed","template":"","meta":{"inline_featured_image":false,"footnotes":""},"class_list":["post-29225","page","type-page","status-publish","hentry"],"_links":{"self":[{"href":"https:\/\/meyproducciones.com\/index.php?rest_route=\/wp\/v2\/pages\/29225","targetHints":{"allow":["GET"]}}],"collection":[{"href":"https:\/\/meyproducciones.com\/index.php?rest_route=\/wp\/v2\/pages"}],"about":[{"href":"https:\/\/meyproducciones.com\/index.php?rest_route=\/wp\/v2\/types\/page"}],"author":[{"embeddable":true,"href":"https:\/\/meyproducciones.com\/index.php?rest_route=\/wp\/v2\/users\/1"}],"replies":[{"embeddable":true,"href":"https:\/\/meyproducciones.com\/index.php?rest_route=%2Fwp%2Fv2%2Fcomments&post=29225"}],"version-history":[{"count":3,"href":"https:\/\/meyproducciones.com\/index.php?rest_route=\/wp\/v2\/pages\/29225\/revisions"}],"predecessor-version":[{"id":30182,"href":"https:\/\/meyproducciones.com\/index.php?rest_route=\/wp\/v2\/pages\/29225\/revisions\/30182"}],"wp:attachment":[{"href":"https:\/\/meyproducciones.com\/index.php?rest_route=%2Fwp%2Fv2%2Fmedia&parent=29225"}],"curies":[{"name":"wp","href":"https:\/\/api.w.org\/{rel}","templated":true}]}}