{"id":27192,"date":"2024-01-25T20:29:05","date_gmt":"2024-01-25T20:29:05","guid":{"rendered":"https:\/\/meyproducciones.com\/?page_id=27192"},"modified":"2025-12-17T01:53:05","modified_gmt":"2025-12-17T01:53:05","slug":"en-rodaje-2","status":"publish","type":"page","link":"https:\/\/meyproducciones.com\/?page_id=27192","title":{"rendered":"EN RODAJE"},"content":{"rendered":"\t\t<div data-elementor-type=\"wp-page\" data-elementor-id=\"27192\" class=\"elementor elementor-27192\" data-elementor-post-type=\"page\">\n\t\t\t\t<div class=\"elementor-element elementor-element-c7afded e-con-full e-flex e-con e-parent\" data-id=\"c7afded\" data-element_type=\"container\" data-e-type=\"container\">\n\t\t<div class=\"elementor-element elementor-element-9b01a14 e-con-full e-flex e-con e-child\" data-id=\"9b01a14\" data-element_type=\"container\" data-e-type=\"container\">\n\t\t\t\t<div class=\"elementor-element elementor-element-74da5c5 elementor-widget elementor-widget-heading\" data-id=\"74da5c5\" data-element_type=\"widget\" data-e-type=\"widget\" data-widget_type=\"heading.default\">\n\t\t\t\t<div class=\"elementor-widget-container\">\n\t\t\t\t\t<h2 class=\"elementor-heading-title elementor-size-default\">EN RODAJE<\/h2>\t\t\t\t<\/div>\n\t\t\t\t<\/div>\n\t\t\t\t<\/div>\n\t\t\t\t<\/div>\n\t\t<div class=\"elementor-element elementor-element-157ad74 e-con-full e-flex e-con e-parent\" data-id=\"157ad74\" data-element_type=\"container\" data-e-type=\"container\">\n\t\t<div class=\"elementor-element elementor-element-6837f3a e-con-full e-flex e-con e-child\" data-id=\"6837f3a\" data-element_type=\"container\" data-e-type=\"container\">\n\t\t\t\t<div class=\"elementor-element elementor-element-9faa7f5 elementor-widget elementor-widget-heading\" data-id=\"9faa7f5\" data-element_type=\"widget\" data-e-type=\"widget\" data-widget_type=\"heading.default\">\n\t\t\t\t<div class=\"elementor-widget-container\">\n\t\t\t\t\t<h2 class=\"elementor-heading-title elementor-size-xxl\">LA DANZA - NACIMOS PARA BAILAR<\/h2>\t\t\t\t<\/div>\n\t\t\t\t<\/div>\n\t\t\t\t<\/div>\n\t\t<div class=\"elementor-element elementor-element-ef4ec12 e-con-full e-flex e-con e-child\" data-id=\"ef4ec12\" data-element_type=\"container\" data-e-type=\"container\">\n\t\t\t\t<div class=\"elementor-element elementor-element-e77c5e1 elementor-widget elementor-widget-image\" data-id=\"e77c5e1\" data-element_type=\"widget\" data-e-type=\"widget\" data-widget_type=\"image.default\">\n\t\t\t\t<div class=\"elementor-widget-container\">\n\t\t\t\t\t\t\t\t\t\t\t\t\t\t\t<img fetchpriority=\"high\" decoding=\"async\" width=\"1600\" height=\"900\" src=\"https:\/\/meyproducciones.com\/wp-content\/uploads\/2025\/12\/IMG-20251024-WA0115.jpg\" class=\"attachment-full size-full wp-image-29999\" alt=\"\" srcset=\"https:\/\/meyproducciones.com\/wp-content\/uploads\/2025\/12\/IMG-20251024-WA0115.jpg 1600w, https:\/\/meyproducciones.com\/wp-content\/uploads\/2025\/12\/IMG-20251024-WA0115-300x169.jpg 300w, https:\/\/meyproducciones.com\/wp-content\/uploads\/2025\/12\/IMG-20251024-WA0115-1024x576.jpg 1024w, https:\/\/meyproducciones.com\/wp-content\/uploads\/2025\/12\/IMG-20251024-WA0115-768x432.jpg 768w, https:\/\/meyproducciones.com\/wp-content\/uploads\/2025\/12\/IMG-20251024-WA0115-1536x864.jpg 1536w\" sizes=\"(max-width: 1600px) 100vw, 1600px\" \/>\t\t\t\t\t\t\t\t\t\t\t\t\t\t\t<\/div>\n\t\t\t\t<\/div>\n\t\t\t\t<\/div>\n\t\t\t\t<\/div>\n\t\t<div class=\"elementor-element elementor-element-8077419 e-con-full e-flex e-con e-parent\" data-id=\"8077419\" data-element_type=\"container\" data-e-type=\"container\">\n\t\t<div class=\"elementor-element elementor-element-a5154cd e-con-full e-flex e-con e-child\" data-id=\"a5154cd\" data-element_type=\"container\" data-e-type=\"container\">\n\t\t\t\t<div class=\"elementor-element elementor-element-cb08f7d elementor-widget elementor-widget-image\" data-id=\"cb08f7d\" data-element_type=\"widget\" data-e-type=\"widget\" data-widget_type=\"image.default\">\n\t\t\t\t<div class=\"elementor-widget-container\">\n\t\t\t\t\t\t\t\t\t\t\t\t\t\t\t<img decoding=\"async\" width=\"960\" height=\"540\" src=\"https:\/\/meyproducciones.com\/wp-content\/uploads\/2025\/12\/IMG-20251014-WA0032-1024x576.jpg\" class=\"attachment-large size-large wp-image-29997\" alt=\"\" srcset=\"https:\/\/meyproducciones.com\/wp-content\/uploads\/2025\/12\/IMG-20251014-WA0032-1024x576.jpg 1024w, https:\/\/meyproducciones.com\/wp-content\/uploads\/2025\/12\/IMG-20251014-WA0032-300x169.jpg 300w, https:\/\/meyproducciones.com\/wp-content\/uploads\/2025\/12\/IMG-20251014-WA0032-768x432.jpg 768w, https:\/\/meyproducciones.com\/wp-content\/uploads\/2025\/12\/IMG-20251014-WA0032-1536x864.jpg 1536w, https:\/\/meyproducciones.com\/wp-content\/uploads\/2025\/12\/IMG-20251014-WA0032.jpg 1600w\" sizes=\"(max-width: 960px) 100vw, 960px\" \/>\t\t\t\t\t\t\t\t\t\t\t\t\t\t\t<\/div>\n\t\t\t\t<\/div>\n\t\t\t\t<div class=\"elementor-element elementor-element-043de0d elementor-widget elementor-widget-image\" data-id=\"043de0d\" data-element_type=\"widget\" data-e-type=\"widget\" data-widget_type=\"image.default\">\n\t\t\t\t<div class=\"elementor-widget-container\">\n\t\t\t\t\t\t\t\t\t\t\t\t\t\t\t<img decoding=\"async\" width=\"576\" height=\"1024\" src=\"https:\/\/meyproducciones.com\/wp-content\/uploads\/2025\/12\/IMG-20251024-WA0120-576x1024.jpg\" class=\"attachment-large size-large wp-image-30004\" alt=\"\" srcset=\"https:\/\/meyproducciones.com\/wp-content\/uploads\/2025\/12\/IMG-20251024-WA0120-576x1024.jpg 576w, https:\/\/meyproducciones.com\/wp-content\/uploads\/2025\/12\/IMG-20251024-WA0120-169x300.jpg 169w, https:\/\/meyproducciones.com\/wp-content\/uploads\/2025\/12\/IMG-20251024-WA0120-768x1365.jpg 768w, https:\/\/meyproducciones.com\/wp-content\/uploads\/2025\/12\/IMG-20251024-WA0120-864x1536.jpg 864w, https:\/\/meyproducciones.com\/wp-content\/uploads\/2025\/12\/IMG-20251024-WA0120.jpg 900w\" sizes=\"(max-width: 576px) 100vw, 576px\" \/>\t\t\t\t\t\t\t\t\t\t\t\t\t\t\t<\/div>\n\t\t\t\t<\/div>\n\t\t\t\t<\/div>\n\t\t<div class=\"elementor-element elementor-element-9f1e6ca e-con-full e-flex e-con e-child\" data-id=\"9f1e6ca\" data-element_type=\"container\" data-e-type=\"container\">\n\t\t\t\t<div class=\"elementor-element elementor-element-9ae60c0 elementor-widget elementor-widget-image\" data-id=\"9ae60c0\" data-element_type=\"widget\" data-e-type=\"widget\" data-widget_type=\"image.default\">\n\t\t\t\t<div class=\"elementor-widget-container\">\n\t\t\t\t\t\t\t\t\t\t\t\t\t\t\t<img loading=\"lazy\" decoding=\"async\" width=\"960\" height=\"540\" src=\"https:\/\/meyproducciones.com\/wp-content\/uploads\/2025\/12\/IMG-20251014-WA0029-1024x576.jpg\" class=\"attachment-large size-large wp-image-29994\" alt=\"\" srcset=\"https:\/\/meyproducciones.com\/wp-content\/uploads\/2025\/12\/IMG-20251014-WA0029-1024x576.jpg 1024w, https:\/\/meyproducciones.com\/wp-content\/uploads\/2025\/12\/IMG-20251014-WA0029-300x169.jpg 300w, https:\/\/meyproducciones.com\/wp-content\/uploads\/2025\/12\/IMG-20251014-WA0029-768x432.jpg 768w, https:\/\/meyproducciones.com\/wp-content\/uploads\/2025\/12\/IMG-20251014-WA0029-1536x864.jpg 1536w, https:\/\/meyproducciones.com\/wp-content\/uploads\/2025\/12\/IMG-20251014-WA0029.jpg 1600w\" sizes=\"(max-width: 960px) 100vw, 960px\" \/>\t\t\t\t\t\t\t\t\t\t\t\t\t\t\t<\/div>\n\t\t\t\t<\/div>\n\t\t\t\t<div class=\"elementor-element elementor-element-2aaeec5 elementor-widget elementor-widget-image\" data-id=\"2aaeec5\" data-element_type=\"widget\" data-e-type=\"widget\" data-widget_type=\"image.default\">\n\t\t\t\t<div class=\"elementor-widget-container\">\n\t\t\t\t\t\t\t\t\t\t\t\t\t\t\t<img loading=\"lazy\" decoding=\"async\" width=\"576\" height=\"1024\" src=\"https:\/\/meyproducciones.com\/wp-content\/uploads\/2025\/12\/IMG-20251024-WA0118-576x1024.jpg\" class=\"attachment-large size-large wp-image-30002\" alt=\"\" srcset=\"https:\/\/meyproducciones.com\/wp-content\/uploads\/2025\/12\/IMG-20251024-WA0118-576x1024.jpg 576w, https:\/\/meyproducciones.com\/wp-content\/uploads\/2025\/12\/IMG-20251024-WA0118-169x300.jpg 169w, https:\/\/meyproducciones.com\/wp-content\/uploads\/2025\/12\/IMG-20251024-WA0118-768x1365.jpg 768w, https:\/\/meyproducciones.com\/wp-content\/uploads\/2025\/12\/IMG-20251024-WA0118-864x1536.jpg 864w, https:\/\/meyproducciones.com\/wp-content\/uploads\/2025\/12\/IMG-20251024-WA0118.jpg 900w\" sizes=\"(max-width: 576px) 100vw, 576px\" \/>\t\t\t\t\t\t\t\t\t\t\t\t\t\t\t<\/div>\n\t\t\t\t<\/div>\n\t\t\t\t<\/div>\n\t\t\t\t<\/div>\n\t\t<div class=\"elementor-element elementor-element-56fdd45 e-con-full e-flex e-con e-parent\" data-id=\"56fdd45\" data-element_type=\"container\" data-e-type=\"container\">\n\t\t<div class=\"elementor-element elementor-element-3526745 e-con-full e-flex e-con e-child\" data-id=\"3526745\" data-element_type=\"container\" data-e-type=\"container\">\n\t\t\t\t<div class=\"elementor-element elementor-element-cb6c2d5 elementor-widget elementor-widget-text-editor\" data-id=\"cb6c2d5\" data-element_type=\"widget\" data-e-type=\"widget\" data-widget_type=\"text-editor.default\">\n\t\t\t\t<div class=\"elementor-widget-container\">\n\t\t\t\t\t\t\t\t\t<p style=\"text-align: justify;\"><b>Serie de 5 episodios de 24 minutos<\/b><\/p><p>\u00bfExiste alg\u00fan tipo de determinismo que haga que sea m\u00e1s sencillo bailar para los cale\u00f1os y menos para las personas de otros lugares?<br \/>\u00bfHan nacido los cale\u00f1os para bailar?<\/p><p><strong>NACIDOS PARA BAILAR<\/strong> intenta saber si existe alg\u00fan tipo de raz\u00f3n gen\u00e9tica o sobrenatural que haga que los nacidos en Cali bailen con mayor facilidad que el resto de personas oriundas de otros lugares. Si as\u00ed fuera: \u00bfDepender\u00eda de la biolog\u00eda, de la geograf\u00eda o quiz\u00e1s de la metaf\u00edsica? De haber otra causa, la serie busca dilucidarla con herramientas acad\u00e9micas y con lenguaje audiovisual potente para capturar al espectador, mostrando bailarines de g\u00e9neros diverso, con atractivas im\u00e1genes y un sonido envolvente que lleve a descifrar este misterio con la mente y los sentidos. \u00bfA que conclusi\u00f3n llegar\u00e1? Sea cu\u00e1l sea el resultado, la belleza y el buen ritmo del montaje ser\u00e1n una constante que atrapar\u00e1 al televidente para hacerlo m\u00e1s cercano al arte de la danza.<\/p>\t\t\t\t\t\t\t\t<\/div>\n\t\t\t\t<\/div>\n\t\t\t\t<\/div>\n\t\t<div class=\"elementor-element elementor-element-ed723e2 e-con-full e-flex e-con e-child\" data-id=\"ed723e2\" data-element_type=\"container\" data-e-type=\"container\">\n\t\t\t\t<div class=\"elementor-element elementor-element-cfd5b3d elementor-widget elementor-widget-image\" data-id=\"cfd5b3d\" data-element_type=\"widget\" data-e-type=\"widget\" data-widget_type=\"image.default\">\n\t\t\t\t<div class=\"elementor-widget-container\">\n\t\t\t\t\t\t\t\t\t\t\t\t\t\t\t<img loading=\"lazy\" decoding=\"async\" width=\"768\" height=\"432\" src=\"https:\/\/meyproducciones.com\/wp-content\/uploads\/2025\/12\/IMG-20251024-WA0119-768x432.jpg\" class=\"attachment-medium_large size-medium_large wp-image-30003\" alt=\"\" srcset=\"https:\/\/meyproducciones.com\/wp-content\/uploads\/2025\/12\/IMG-20251024-WA0119-768x432.jpg 768w, https:\/\/meyproducciones.com\/wp-content\/uploads\/2025\/12\/IMG-20251024-WA0119-300x169.jpg 300w, https:\/\/meyproducciones.com\/wp-content\/uploads\/2025\/12\/IMG-20251024-WA0119-1024x576.jpg 1024w, https:\/\/meyproducciones.com\/wp-content\/uploads\/2025\/12\/IMG-20251024-WA0119-1536x864.jpg 1536w, https:\/\/meyproducciones.com\/wp-content\/uploads\/2025\/12\/IMG-20251024-WA0119.jpg 1600w\" sizes=\"(max-width: 768px) 100vw, 768px\" \/>\t\t\t\t\t\t\t\t\t\t\t\t\t\t\t<\/div>\n\t\t\t\t<\/div>\n\t\t\t\t<div class=\"elementor-element elementor-element-39dce43 elementor-widget elementor-widget-image\" data-id=\"39dce43\" data-element_type=\"widget\" data-e-type=\"widget\" data-widget_type=\"image.default\">\n\t\t\t\t<div class=\"elementor-widget-container\">\n\t\t\t\t\t\t\t\t\t\t\t\t\t\t\t<img loading=\"lazy\" decoding=\"async\" width=\"768\" height=\"432\" src=\"https:\/\/meyproducciones.com\/wp-content\/uploads\/2025\/12\/IMG-20251014-WA0030-768x432.jpg\" class=\"attachment-medium_large size-medium_large wp-image-29995\" alt=\"\" srcset=\"https:\/\/meyproducciones.com\/wp-content\/uploads\/2025\/12\/IMG-20251014-WA0030-768x432.jpg 768w, https:\/\/meyproducciones.com\/wp-content\/uploads\/2025\/12\/IMG-20251014-WA0030-300x169.jpg 300w, https:\/\/meyproducciones.com\/wp-content\/uploads\/2025\/12\/IMG-20251014-WA0030-1024x576.jpg 1024w, https:\/\/meyproducciones.com\/wp-content\/uploads\/2025\/12\/IMG-20251014-WA0030-1536x864.jpg 1536w, https:\/\/meyproducciones.com\/wp-content\/uploads\/2025\/12\/IMG-20251014-WA0030.jpg 1600w\" sizes=\"(max-width: 768px) 100vw, 768px\" \/>\t\t\t\t\t\t\t\t\t\t\t\t\t\t\t<\/div>\n\t\t\t\t<\/div>\n\t\t\t\t<div class=\"elementor-element elementor-element-82a5e87 elementor-widget elementor-widget-image\" data-id=\"82a5e87\" data-element_type=\"widget\" data-e-type=\"widget\" data-widget_type=\"image.default\">\n\t\t\t\t<div class=\"elementor-widget-container\">\n\t\t\t\t\t\t\t\t\t\t\t\t\t\t\t<img loading=\"lazy\" decoding=\"async\" width=\"768\" height=\"432\" src=\"https:\/\/meyproducciones.com\/wp-content\/uploads\/2025\/12\/IMG-20251014-WA0028-768x432.jpg\" class=\"attachment-medium_large size-medium_large wp-image-29993\" alt=\"\" srcset=\"https:\/\/meyproducciones.com\/wp-content\/uploads\/2025\/12\/IMG-20251014-WA0028-768x432.jpg 768w, https:\/\/meyproducciones.com\/wp-content\/uploads\/2025\/12\/IMG-20251014-WA0028-300x169.jpg 300w, https:\/\/meyproducciones.com\/wp-content\/uploads\/2025\/12\/IMG-20251014-WA0028-1024x576.jpg 1024w, https:\/\/meyproducciones.com\/wp-content\/uploads\/2025\/12\/IMG-20251014-WA0028-1536x864.jpg 1536w, https:\/\/meyproducciones.com\/wp-content\/uploads\/2025\/12\/IMG-20251014-WA0028.jpg 1600w\" sizes=\"(max-width: 768px) 100vw, 768px\" \/>\t\t\t\t\t\t\t\t\t\t\t\t\t\t\t<\/div>\n\t\t\t\t<\/div>\n\t\t\t\t<\/div>\n\t\t\t\t<\/div>\n\t\t\t\t<\/div>\n\t\t","protected":false},"excerpt":{"rendered":"<p>EN RODAJE LA DANZA &#8211; NACIMOS PARA BAILAR Serie de 5 episodios de 24 minutos \u00bfExiste alg\u00fan tipo de determinismo que haga que sea m\u00e1s sencillo bailar para los cale\u00f1os y menos para las personas de otros lugares?\u00bfHan nacido los cale\u00f1os para bailar? NACIDOS PARA BAILAR intenta saber si existe alg\u00fan tipo de raz\u00f3n gen\u00e9tica [&hellip;]<\/p>\n","protected":false},"author":1,"featured_media":0,"parent":0,"menu_order":0,"comment_status":"closed","ping_status":"closed","template":"elementor_header_footer","meta":{"inline_featured_image":false,"footnotes":""},"class_list":["post-27192","page","type-page","status-publish","hentry"],"_links":{"self":[{"href":"https:\/\/meyproducciones.com\/index.php?rest_route=\/wp\/v2\/pages\/27192","targetHints":{"allow":["GET"]}}],"collection":[{"href":"https:\/\/meyproducciones.com\/index.php?rest_route=\/wp\/v2\/pages"}],"about":[{"href":"https:\/\/meyproducciones.com\/index.php?rest_route=\/wp\/v2\/types\/page"}],"author":[{"embeddable":true,"href":"https:\/\/meyproducciones.com\/index.php?rest_route=\/wp\/v2\/users\/1"}],"replies":[{"embeddable":true,"href":"https:\/\/meyproducciones.com\/index.php?rest_route=%2Fwp%2Fv2%2Fcomments&post=27192"}],"version-history":[{"count":0,"href":"https:\/\/meyproducciones.com\/index.php?rest_route=\/wp\/v2\/pages\/27192\/revisions"}],"wp:attachment":[{"href":"https:\/\/meyproducciones.com\/index.php?rest_route=%2Fwp%2Fv2%2Fmedia&parent=27192"}],"curies":[{"name":"wp","href":"https:\/\/api.w.org\/{rel}","templated":true}]}}