{"id":22037,"date":"2016-05-17T15:16:11","date_gmt":"2016-05-17T15:16:11","guid":{"rendered":"http:\/\/meyproducciones.com\/?page_id=22037"},"modified":"2026-02-19T14:41:44","modified_gmt":"2026-02-19T14:41:44","slug":"proyectos-2","status":"publish","type":"page","link":"https:\/\/meyproducciones.com\/?page_id=22037","title":{"rendered":"EL D\u00cdA DEL ADI\u00d3S"},"content":{"rendered":"\t\t<div data-elementor-type=\"wp-page\" data-elementor-id=\"22037\" class=\"elementor elementor-22037\" data-elementor-post-type=\"page\">\n\t\t\t\t<div class=\"elementor-element elementor-element-67756a1 e-con-full e-flex e-con e-parent\" data-id=\"67756a1\" data-element_type=\"container\" data-e-type=\"container\">\n\t\t<div class=\"elementor-element elementor-element-6fc0510 e-con-full e-flex e-con e-child\" data-id=\"6fc0510\" data-element_type=\"container\" data-e-type=\"container\">\n\t\t\t\t<div class=\"elementor-element elementor-element-190c881 elementor-widget elementor-widget-heading\" data-id=\"190c881\" data-element_type=\"widget\" data-e-type=\"widget\" data-widget_type=\"heading.default\">\n\t\t\t\t<div class=\"elementor-widget-container\">\n\t\t\t\t\t<h2 class=\"elementor-heading-title elementor-size-default\">FILMOGRAF\u00cdA<\/h2>\t\t\t\t<\/div>\n\t\t\t\t<\/div>\n\t\t\t\t<\/div>\n\t\t\t\t<\/div>\n\t\t<div class=\"elementor-element elementor-element-e0fc4aa e-flex e-con-boxed e-con e-parent\" data-id=\"e0fc4aa\" data-element_type=\"container\" data-e-type=\"container\">\n\t\t\t\t\t<div class=\"e-con-inner\">\n\t\t<div class=\"elementor-element elementor-element-257c628 e-con-full e-flex e-con e-child\" data-id=\"257c628\" data-element_type=\"container\" data-e-type=\"container\">\n\t\t\t\t<div class=\"elementor-element elementor-element-f46b1ba elementor-widget elementor-widget-image\" data-id=\"f46b1ba\" data-element_type=\"widget\" data-e-type=\"widget\" data-widget_type=\"image.default\">\n\t\t\t\t<div class=\"elementor-widget-container\">\n\t\t\t\t\t\t\t\t\t\t\t\t<figure class=\"wp-caption\">\n\t\t\t\t\t\t\t\t\t\t\t<a href=\"https:\/\/meyproducciones.com\/?page_id=29225\">\n\t\t\t\t\t\t\t<img fetchpriority=\"high\" decoding=\"async\" width=\"960\" height=\"405\" src=\"https:\/\/meyproducciones.com\/wp-content\/uploads\/2024\/09\/STILLS-MULATO38-1024x432.jpg\" class=\"attachment-large size-large wp-image-29129\" alt=\"\" srcset=\"https:\/\/meyproducciones.com\/wp-content\/uploads\/2024\/09\/STILLS-MULATO38-1024x432.jpg 1024w, https:\/\/meyproducciones.com\/wp-content\/uploads\/2024\/09\/STILLS-MULATO38-300x127.jpg 300w, https:\/\/meyproducciones.com\/wp-content\/uploads\/2024\/09\/STILLS-MULATO38-768x324.jpg 768w, https:\/\/meyproducciones.com\/wp-content\/uploads\/2024\/09\/STILLS-MULATO38-1536x648.jpg 1536w, https:\/\/meyproducciones.com\/wp-content\/uploads\/2024\/09\/STILLS-MULATO38.jpg 1920w\" sizes=\"(max-width: 960px) 100vw, 960px\" \/>\t\t\t\t\t\t\t\t<\/a>\n\t\t\t\t\t\t\t\t\t\t\t<figcaption class=\"widget-image-caption wp-caption-text\">MULATO: THE BEST<\/figcaption>\n\t\t\t\t\t\t\t\t\t\t<\/figure>\n\t\t\t\t\t\t\t\t\t<\/div>\n\t\t\t\t<\/div>\n\t\t\t\t<\/div>\n\t\t<div class=\"elementor-element elementor-element-a6b2e89 e-con-full e-flex e-con e-child\" data-id=\"a6b2e89\" data-element_type=\"container\" data-e-type=\"container\">\n\t\t\t\t<div class=\"elementor-element elementor-element-a940361 elementor-widget elementor-widget-image\" data-id=\"a940361\" data-element_type=\"widget\" data-e-type=\"widget\" data-widget_type=\"image.default\">\n\t\t\t\t<div class=\"elementor-widget-container\">\n\t\t\t\t\t\t\t\t\t\t\t\t<figure class=\"wp-caption\">\n\t\t\t\t\t\t\t\t\t\t\t<a href=\"https:\/\/meyproducciones.com\/?page_id=22037\">\n\t\t\t\t\t\t\t<img decoding=\"async\" width=\"960\" height=\"405\" src=\"https:\/\/meyproducciones.com\/wp-content\/uploads\/2025\/04\/EDDA_5_1.01_12_34_06000.Imagen-fija119-1024x432.jpg\" class=\"attachment-large size-large wp-image-29756\" alt=\"\" srcset=\"https:\/\/meyproducciones.com\/wp-content\/uploads\/2025\/04\/EDDA_5_1.01_12_34_06000.Imagen-fija119-1024x432.jpg 1024w, https:\/\/meyproducciones.com\/wp-content\/uploads\/2025\/04\/EDDA_5_1.01_12_34_06000.Imagen-fija119-300x126.jpg 300w, https:\/\/meyproducciones.com\/wp-content\/uploads\/2025\/04\/EDDA_5_1.01_12_34_06000.Imagen-fija119-768x324.jpg 768w, https:\/\/meyproducciones.com\/wp-content\/uploads\/2025\/04\/EDDA_5_1.01_12_34_06000.Imagen-fija119-1536x648.jpg 1536w, https:\/\/meyproducciones.com\/wp-content\/uploads\/2025\/04\/EDDA_5_1.01_12_34_06000.Imagen-fija119.jpg 1921w\" sizes=\"(max-width: 960px) 100vw, 960px\" \/>\t\t\t\t\t\t\t\t<\/a>\n\t\t\t\t\t\t\t\t\t\t\t<figcaption class=\"widget-image-caption wp-caption-text\">EL D\u00cdA DEL ADI\u00d3S<\/figcaption>\n\t\t\t\t\t\t\t\t\t\t<\/figure>\n\t\t\t\t\t\t\t\t\t<\/div>\n\t\t\t\t<\/div>\n\t\t\t\t<\/div>\n\t\t<div class=\"elementor-element elementor-element-66e28fb e-con-full e-flex e-con e-child\" data-id=\"66e28fb\" data-element_type=\"container\" data-e-type=\"container\">\n\t\t\t\t<div class=\"elementor-element elementor-element-b501e98 elementor-widget elementor-widget-image\" data-id=\"b501e98\" data-element_type=\"widget\" data-e-type=\"widget\" data-widget_type=\"image.default\">\n\t\t\t\t<div class=\"elementor-widget-container\">\n\t\t\t\t\t\t\t\t\t\t\t\t<figure class=\"wp-caption\">\n\t\t\t\t\t\t\t\t\t\t\t<a href=\"https:\/\/meyproducciones.com\/?page_id=30076\">\n\t\t\t\t\t\t\t<img decoding=\"async\" width=\"960\" height=\"405\" src=\"https:\/\/meyproducciones.com\/wp-content\/uploads\/2025\/04\/DOCUMENTAL_CONDORES_IMG_02-1024x432.png\" class=\"attachment-large size-large wp-image-29752\" alt=\"\" srcset=\"https:\/\/meyproducciones.com\/wp-content\/uploads\/2025\/04\/DOCUMENTAL_CONDORES_IMG_02-1024x432.png 1024w, https:\/\/meyproducciones.com\/wp-content\/uploads\/2025\/04\/DOCUMENTAL_CONDORES_IMG_02-300x127.png 300w, https:\/\/meyproducciones.com\/wp-content\/uploads\/2025\/04\/DOCUMENTAL_CONDORES_IMG_02-768x324.png 768w, https:\/\/meyproducciones.com\/wp-content\/uploads\/2025\/04\/DOCUMENTAL_CONDORES_IMG_02-1536x648.png 1536w, https:\/\/meyproducciones.com\/wp-content\/uploads\/2025\/04\/DOCUMENTAL_CONDORES_IMG_02.png 2048w\" sizes=\"(max-width: 960px) 100vw, 960px\" \/>\t\t\t\t\t\t\t\t<\/a>\n\t\t\t\t\t\t\t\t\t\t\t<figcaption class=\"widget-image-caption wp-caption-text\">CONDORES: 50 A\u00d1OS<\/figcaption>\n\t\t\t\t\t\t\t\t\t\t<\/figure>\n\t\t\t\t\t\t\t\t\t<\/div>\n\t\t\t\t<\/div>\n\t\t\t\t<\/div>\n\t\t<div class=\"elementor-element elementor-element-33e62cc e-con-full e-flex e-con e-child\" data-id=\"33e62cc\" data-element_type=\"container\" data-e-type=\"container\">\n\t\t\t\t<div class=\"elementor-element elementor-element-94378e2 elementor-widget elementor-widget-image\" data-id=\"94378e2\" data-element_type=\"widget\" data-e-type=\"widget\" data-widget_type=\"image.default\">\n\t\t\t\t<div class=\"elementor-widget-container\">\n\t\t\t\t\t\t\t\t\t\t\t\t<figure class=\"wp-caption\">\n\t\t\t\t\t\t\t\t\t\t\t<a href=\"https:\/\/meyproducciones.com\/?page_id=30067\">\n\t\t\t\t\t\t\t<img loading=\"lazy\" decoding=\"async\" width=\"960\" height=\"407\" src=\"https:\/\/meyproducciones.com\/wp-content\/uploads\/2025\/04\/vlcsnap-2023-08-15-10h33m10s941-1024x434.png\" class=\"attachment-large size-large wp-image-29755\" alt=\"\" srcset=\"https:\/\/meyproducciones.com\/wp-content\/uploads\/2025\/04\/vlcsnap-2023-08-15-10h33m10s941-1024x434.png 1024w, https:\/\/meyproducciones.com\/wp-content\/uploads\/2025\/04\/vlcsnap-2023-08-15-10h33m10s941-300x127.png 300w, https:\/\/meyproducciones.com\/wp-content\/uploads\/2025\/04\/vlcsnap-2023-08-15-10h33m10s941-768x325.png 768w, https:\/\/meyproducciones.com\/wp-content\/uploads\/2025\/04\/vlcsnap-2023-08-15-10h33m10s941-1536x650.png 1536w, https:\/\/meyproducciones.com\/wp-content\/uploads\/2025\/04\/vlcsnap-2023-08-15-10h33m10s941.png 1920w\" sizes=\"(max-width: 960px) 100vw, 960px\" \/>\t\t\t\t\t\t\t\t<\/a>\n\t\t\t\t\t\t\t\t\t\t\t<figcaption class=\"widget-image-caption wp-caption-text\">LA TINTA DE LA VIDA<\/figcaption>\n\t\t\t\t\t\t\t\t\t\t<\/figure>\n\t\t\t\t\t\t\t\t\t<\/div>\n\t\t\t\t<\/div>\n\t\t\t\t<\/div>\n\t\t\t\t\t<\/div>\n\t\t\t\t<\/div>\n\t\t\t\t<section class=\"elementor-section elementor-top-section elementor-element elementor-element-2e2b54f elementor-section-boxed elementor-section-height-default elementor-section-height-default\" data-id=\"2e2b54f\" data-element_type=\"section\" data-e-type=\"section\">\n\t\t\t\t\t\t<div class=\"elementor-container elementor-column-gap-default\">\n\t\t\t\t\t<div class=\"elementor-column elementor-col-100 elementor-top-column elementor-element elementor-element-4d03481\" data-id=\"4d03481\" data-element_type=\"column\" data-e-type=\"column\">\n\t\t\t<div class=\"elementor-widget-wrap elementor-element-populated\">\n\t\t\t\t\t\t<div class=\"elementor-element elementor-element-fc43c55 elementor-widget elementor-widget-image\" data-id=\"fc43c55\" data-element_type=\"widget\" data-e-type=\"widget\" data-widget_type=\"image.default\">\n\t\t\t\t<div class=\"elementor-widget-container\">\n\t\t\t\t\t\t\t\t\t\t\t\t\t\t\t<img loading=\"lazy\" decoding=\"async\" width=\"768\" height=\"405\" src=\"https:\/\/meyproducciones.com\/wp-content\/uploads\/2023\/08\/e7e15c85fcc5e14c91c1cfa5b2e6acfa_LOGOEDDABLANCO-768x405.png\" class=\"attachment-medium_large size-medium_large wp-image-24898\" alt=\"\" srcset=\"https:\/\/meyproducciones.com\/wp-content\/uploads\/2023\/08\/e7e15c85fcc5e14c91c1cfa5b2e6acfa_LOGOEDDABLANCO-768x405.png 768w, https:\/\/meyproducciones.com\/wp-content\/uploads\/2023\/08\/e7e15c85fcc5e14c91c1cfa5b2e6acfa_LOGOEDDABLANCO-300x158.png 300w, https:\/\/meyproducciones.com\/wp-content\/uploads\/2023\/08\/e7e15c85fcc5e14c91c1cfa5b2e6acfa_LOGOEDDABLANCO-1024x540.png 1024w, https:\/\/meyproducciones.com\/wp-content\/uploads\/2023\/08\/e7e15c85fcc5e14c91c1cfa5b2e6acfa_LOGOEDDABLANCO-1536x810.png 1536w, https:\/\/meyproducciones.com\/wp-content\/uploads\/2023\/08\/e7e15c85fcc5e14c91c1cfa5b2e6acfa_LOGOEDDABLANCO-2048x1080.png 2048w\" sizes=\"(max-width: 768px) 100vw, 768px\" \/>\t\t\t\t\t\t\t\t\t\t\t\t\t\t\t<\/div>\n\t\t\t\t<\/div>\n\t\t\t\t\t<\/div>\n\t\t<\/div>\n\t\t\t\t\t<\/div>\n\t\t<\/section>\n\t\t\t\t<section class=\"elementor-section elementor-top-section elementor-element elementor-element-c04675e elementor-section-boxed elementor-section-height-default elementor-section-height-default\" data-id=\"c04675e\" data-element_type=\"section\" data-e-type=\"section\">\n\t\t\t\t\t\t<div class=\"elementor-container elementor-column-gap-default\">\n\t\t\t\t\t<div class=\"elementor-column elementor-col-100 elementor-top-column elementor-element elementor-element-29de4ab\" data-id=\"29de4ab\" data-element_type=\"column\" data-e-type=\"column\">\n\t\t\t<div class=\"elementor-widget-wrap elementor-element-populated\">\n\t\t\t\t\t\t<div class=\"elementor-element elementor-element-4b16eae elementor-widget elementor-widget-text-editor\" data-id=\"4b16eae\" data-element_type=\"widget\" data-e-type=\"widget\" data-widget_type=\"text-editor.default\">\n\t\t\t\t<div class=\"elementor-widget-container\">\n\t\t\t\t\t\t\t\t\t<h4>EL D\u00cdA DEL ADI\u00d3S es una\u00a0pel\u00edcula\u00a0sobre el primer amor y sobre besos apasionados que cambian la vida y verdades que se basan en ilusiones.<\/h4>\t\t\t\t\t\t\t\t<\/div>\n\t\t\t\t<\/div>\n\t\t\t\t\t<\/div>\n\t\t<\/div>\n\t\t\t\t\t<\/div>\n\t\t<\/section>\n\t\t\t\t<section class=\"elementor-section elementor-top-section elementor-element elementor-element-bc483e4 elementor-section-boxed elementor-section-height-default elementor-section-height-default\" data-id=\"bc483e4\" data-element_type=\"section\" data-e-type=\"section\">\n\t\t\t\t\t\t<div class=\"elementor-container elementor-column-gap-default\">\n\t\t\t\t\t<div class=\"elementor-column elementor-col-100 elementor-top-column elementor-element elementor-element-b600f91\" data-id=\"b600f91\" data-element_type=\"column\" data-e-type=\"column\">\n\t\t\t<div class=\"elementor-widget-wrap elementor-element-populated\">\n\t\t\t\t\t\t<div class=\"elementor-element elementor-element-fac468b elementor-widget__width-inherit elementor-widget elementor-widget-image\" data-id=\"fac468b\" data-element_type=\"widget\" data-e-type=\"widget\" data-widget_type=\"image.default\">\n\t\t\t\t<div class=\"elementor-widget-container\">\n\t\t\t\t\t\t\t\t\t\t\t\t\t\t\t<img loading=\"lazy\" decoding=\"async\" width=\"1080\" height=\"458\" src=\"https:\/\/meyproducciones.com\/wp-content\/uploads\/2023\/03\/b2a60e70dda9d993e5df433d9660c55c_IMAGEN1-1.png\" class=\"attachment-full size-full wp-image-24308\" alt=\"\" srcset=\"https:\/\/meyproducciones.com\/wp-content\/uploads\/2023\/03\/b2a60e70dda9d993e5df433d9660c55c_IMAGEN1-1.png 1080w, https:\/\/meyproducciones.com\/wp-content\/uploads\/2023\/03\/b2a60e70dda9d993e5df433d9660c55c_IMAGEN1-1-300x127.png 300w, https:\/\/meyproducciones.com\/wp-content\/uploads\/2023\/03\/b2a60e70dda9d993e5df433d9660c55c_IMAGEN1-1-1024x434.png 1024w, https:\/\/meyproducciones.com\/wp-content\/uploads\/2023\/03\/b2a60e70dda9d993e5df433d9660c55c_IMAGEN1-1-768x326.png 768w\" sizes=\"(max-width: 1080px) 100vw, 1080px\" \/>\t\t\t\t\t\t\t\t\t\t\t\t\t\t\t<\/div>\n\t\t\t\t<\/div>\n\t\t\t\t\t<\/div>\n\t\t<\/div>\n\t\t\t\t\t<\/div>\n\t\t<\/section>\n\t\t\t\t<section class=\"elementor-section elementor-top-section elementor-element elementor-element-f7b312c elementor-section-boxed elementor-section-height-default elementor-section-height-default\" data-id=\"f7b312c\" data-element_type=\"section\" data-e-type=\"section\">\n\t\t\t\t\t\t<div class=\"elementor-container elementor-column-gap-default\">\n\t\t\t\t\t<div class=\"elementor-column elementor-col-100 elementor-top-column elementor-element elementor-element-22c5caf\" data-id=\"22c5caf\" data-element_type=\"column\" data-e-type=\"column\">\n\t\t\t<div class=\"elementor-widget-wrap elementor-element-populated\">\n\t\t\t\t\t\t<div class=\"elementor-element elementor-element-59e3db1 elementor-widget elementor-widget-text-editor\" data-id=\"59e3db1\" data-element_type=\"widget\" data-e-type=\"widget\" data-widget_type=\"text-editor.default\">\n\t\t\t\t<div class=\"elementor-widget-container\">\n\t\t\t\t\t\t\t\t\t<h4>Es una pel\u00edcula que cuenta la historia de Alejandro, un adolescente durante el \u00faltimo d\u00eda de bachillerato, que tiene el a\u00f1o perdido y que para salvarlo deber\u00e1 resolver un homicidio, proteger a Juan de los culpables, ganar el amor de Daniela y presentar una exposici\u00f3n con todo en su contra. Un d\u00eda ca\u00f3tico, en el que aprender\u00e1 lo que en la vida importa y aquello que es mejor dejar atr\u00e1s.<\/h4>\t\t\t\t\t\t\t\t<\/div>\n\t\t\t\t<\/div>\n\t\t\t\t\t<\/div>\n\t\t<\/div>\n\t\t\t\t\t<\/div>\n\t\t<\/section>\n\t\t\t\t<section class=\"elementor-section elementor-top-section elementor-element elementor-element-c284094 elementor-section-boxed elementor-section-height-default elementor-section-height-default\" data-id=\"c284094\" data-element_type=\"section\" data-e-type=\"section\">\n\t\t\t\t\t\t<div class=\"elementor-container elementor-column-gap-default\">\n\t\t\t\t\t<div class=\"elementor-column elementor-col-100 elementor-top-column elementor-element elementor-element-7cedf91\" data-id=\"7cedf91\" data-element_type=\"column\" data-e-type=\"column\">\n\t\t\t<div class=\"elementor-widget-wrap elementor-element-populated\">\n\t\t\t\t\t\t<div class=\"elementor-element elementor-element-5660396 elementor-widget elementor-widget-image\" data-id=\"5660396\" data-element_type=\"widget\" data-e-type=\"widget\" data-widget_type=\"image.default\">\n\t\t\t\t<div class=\"elementor-widget-container\">\n\t\t\t\t\t\t\t\t\t\t\t\t\t\t\t<img loading=\"lazy\" decoding=\"async\" width=\"1080\" height=\"458\" src=\"https:\/\/meyproducciones.com\/wp-content\/uploads\/2023\/03\/e4cfdf71538a63c56912797a6d1669a8_IMAGEN3.png\" class=\"attachment-full size-full wp-image-24309\" alt=\"\" srcset=\"https:\/\/meyproducciones.com\/wp-content\/uploads\/2023\/03\/e4cfdf71538a63c56912797a6d1669a8_IMAGEN3.png 1080w, https:\/\/meyproducciones.com\/wp-content\/uploads\/2023\/03\/e4cfdf71538a63c56912797a6d1669a8_IMAGEN3-300x127.png 300w, https:\/\/meyproducciones.com\/wp-content\/uploads\/2023\/03\/e4cfdf71538a63c56912797a6d1669a8_IMAGEN3-1024x434.png 1024w, https:\/\/meyproducciones.com\/wp-content\/uploads\/2023\/03\/e4cfdf71538a63c56912797a6d1669a8_IMAGEN3-768x326.png 768w\" sizes=\"(max-width: 1080px) 100vw, 1080px\" \/>\t\t\t\t\t\t\t\t\t\t\t\t\t\t\t<\/div>\n\t\t\t\t<\/div>\n\t\t\t\t\t<\/div>\n\t\t<\/div>\n\t\t\t\t\t<\/div>\n\t\t<\/section>\n\t\t\t\t<section class=\"elementor-section elementor-top-section elementor-element elementor-element-c1edeb8 elementor-section-boxed elementor-section-height-default elementor-section-height-default\" data-id=\"c1edeb8\" data-element_type=\"section\" data-e-type=\"section\">\n\t\t\t\t\t\t<div class=\"elementor-container elementor-column-gap-default\">\n\t\t\t\t\t<div class=\"elementor-column elementor-col-100 elementor-top-column elementor-element elementor-element-2020aa2\" data-id=\"2020aa2\" data-element_type=\"column\" data-e-type=\"column\">\n\t\t\t<div class=\"elementor-widget-wrap elementor-element-populated\">\n\t\t\t\t\t\t<div class=\"elementor-element elementor-element-768aa5d elementor-widget elementor-widget-text-editor\" data-id=\"768aa5d\" data-element_type=\"widget\" data-e-type=\"widget\" data-widget_type=\"text-editor.default\">\n\t\t\t\t<div class=\"elementor-widget-container\">\n\t\t\t\t\t\t\t\t\t<h4>EL D\u00cdA DEL ADI\u00d3S es un film de suspenso en el que tres adolescentes enfrentan al caos de la violencia, su deseo de estudiar, la fuerza de su creatividad y el sue\u00f1o de construir un mundo mejor. Es una historia sobre personas que creen que el mundo deber\u00eda ser diferentes y que nunca cesan en su intento por cambiarlo.<\/h4>\t\t\t\t\t\t\t\t<\/div>\n\t\t\t\t<\/div>\n\t\t\t\t\t<\/div>\n\t\t<\/div>\n\t\t\t\t\t<\/div>\n\t\t<\/section>\n\t\t\t\t<section class=\"elementor-section elementor-top-section elementor-element elementor-element-1b0b881 elementor-section-boxed elementor-section-height-default elementor-section-height-default\" data-id=\"1b0b881\" data-element_type=\"section\" data-e-type=\"section\">\n\t\t\t\t\t\t<div class=\"elementor-container elementor-column-gap-default\">\n\t\t\t\t\t<div class=\"elementor-column elementor-col-100 elementor-top-column elementor-element elementor-element-d2f8a37\" data-id=\"d2f8a37\" data-element_type=\"column\" data-e-type=\"column\">\n\t\t\t<div class=\"elementor-widget-wrap elementor-element-populated\">\n\t\t\t\t\t\t<div class=\"elementor-element elementor-element-e1858ac elementor-widget elementor-widget-image\" data-id=\"e1858ac\" data-element_type=\"widget\" data-e-type=\"widget\" data-widget_type=\"image.default\">\n\t\t\t\t<div class=\"elementor-widget-container\">\n\t\t\t\t\t\t\t\t\t\t\t\t\t\t\t<img loading=\"lazy\" decoding=\"async\" width=\"1080\" height=\"458\" src=\"https:\/\/meyproducciones.com\/wp-content\/uploads\/2023\/03\/2eb75ef554e14a5d56d3379ec2fe8cca_IMAGEN2.png\" class=\"attachment-full size-full wp-image-24310\" alt=\"\" srcset=\"https:\/\/meyproducciones.com\/wp-content\/uploads\/2023\/03\/2eb75ef554e14a5d56d3379ec2fe8cca_IMAGEN2.png 1080w, https:\/\/meyproducciones.com\/wp-content\/uploads\/2023\/03\/2eb75ef554e14a5d56d3379ec2fe8cca_IMAGEN2-300x127.png 300w, https:\/\/meyproducciones.com\/wp-content\/uploads\/2023\/03\/2eb75ef554e14a5d56d3379ec2fe8cca_IMAGEN2-1024x434.png 1024w, https:\/\/meyproducciones.com\/wp-content\/uploads\/2023\/03\/2eb75ef554e14a5d56d3379ec2fe8cca_IMAGEN2-768x326.png 768w\" sizes=\"(max-width: 1080px) 100vw, 1080px\" \/>\t\t\t\t\t\t\t\t\t\t\t\t\t\t\t<\/div>\n\t\t\t\t<\/div>\n\t\t\t\t\t<\/div>\n\t\t<\/div>\n\t\t\t\t\t<\/div>\n\t\t<\/section>\n\t\t\t\t<section class=\"elementor-section elementor-top-section elementor-element elementor-element-2772bf6 elementor-section-boxed elementor-section-height-default elementor-section-height-default\" data-id=\"2772bf6\" data-element_type=\"section\" data-e-type=\"section\">\n\t\t\t\t\t\t<div class=\"elementor-container elementor-column-gap-default\">\n\t\t\t\t\t<div class=\"elementor-column elementor-col-100 elementor-top-column elementor-element elementor-element-f262b94\" data-id=\"f262b94\" data-element_type=\"column\" data-e-type=\"column\">\n\t\t\t<div class=\"elementor-widget-wrap elementor-element-populated\">\n\t\t\t\t\t\t<div class=\"elementor-element elementor-element-6aab982 elementor-widget elementor-widget-text-editor\" data-id=\"6aab982\" data-element_type=\"widget\" data-e-type=\"widget\" data-widget_type=\"text-editor.default\">\n\t\t\t\t<div class=\"elementor-widget-container\">\n\t\t\t\t\t\t\t\t\t<h4>\u00bfQUI\u00c9N LA PRODUCE?\u00a0La producimos nosotros, MEYproducciones, con experiencia en proyectos de ficci\u00f3n para pantalla grande. \u00bfQUI\u00c9N LA DIRIGE? El director es Miguel Ernesto Yusty, quien tiene experiencia en proyectos de 2D, 3D e imagen real para cine y quien escribi\u00f3 el libro\u00a0<a href=\"http:\/\/www.bubok.es\/libros\/226401\/COMO-DIRIGIR-CINE-DIGITAL\">COMO DIRIGIR CINE DIGITAL<\/a>.<\/h4>\t\t\t\t\t\t\t\t<\/div>\n\t\t\t\t<\/div>\n\t\t\t\t\t<\/div>\n\t\t<\/div>\n\t\t\t\t\t<\/div>\n\t\t<\/section>\n\t\t\t\t<\/div>\n\t\t","protected":false},"excerpt":{"rendered":"<p>FILMOGRAF\u00cdA MULATO: THE BEST EL D\u00cdA DEL ADI\u00d3S CONDORES: 50 A\u00d1OS LA TINTA DE LA VIDA EL D\u00cdA DEL ADI\u00d3S es una\u00a0pel\u00edcula\u00a0sobre el primer amor y sobre besos apasionados que cambian la vida y verdades que se basan en ilusiones. Es una pel\u00edcula que cuenta la historia de Alejandro, un adolescente durante el \u00faltimo d\u00eda [&hellip;]<\/p>\n","protected":false},"author":1,"featured_media":0,"parent":0,"menu_order":0,"comment_status":"closed","ping_status":"closed","template":"elementor_header_footer","meta":{"inline_featured_image":false,"footnotes":""},"class_list":["post-22037","page","type-page","status-publish","hentry"],"_links":{"self":[{"href":"https:\/\/meyproducciones.com\/index.php?rest_route=\/wp\/v2\/pages\/22037","targetHints":{"allow":["GET"]}}],"collection":[{"href":"https:\/\/meyproducciones.com\/index.php?rest_route=\/wp\/v2\/pages"}],"about":[{"href":"https:\/\/meyproducciones.com\/index.php?rest_route=\/wp\/v2\/types\/page"}],"author":[{"embeddable":true,"href":"https:\/\/meyproducciones.com\/index.php?rest_route=\/wp\/v2\/users\/1"}],"replies":[{"embeddable":true,"href":"https:\/\/meyproducciones.com\/index.php?rest_route=%2Fwp%2Fv2%2Fcomments&post=22037"}],"version-history":[{"count":3,"href":"https:\/\/meyproducciones.com\/index.php?rest_route=\/wp\/v2\/pages\/22037\/revisions"}],"predecessor-version":[{"id":30185,"href":"https:\/\/meyproducciones.com\/index.php?rest_route=\/wp\/v2\/pages\/22037\/revisions\/30185"}],"wp:attachment":[{"href":"https:\/\/meyproducciones.com\/index.php?rest_route=%2Fwp%2Fv2%2Fmedia&parent=22037"}],"curies":[{"name":"wp","href":"https:\/\/api.w.org\/{rel}","templated":true}]}}